{"id":2494,"date":"2022-12-28T07:12:36","date_gmt":"2022-12-28T06:12:36","guid":{"rendered":"https:\/\/staging.balispa.ch\/programmes-de-spa\/"},"modified":"2024-03-14T20:39:45","modified_gmt":"2024-03-14T19:39:45","slug":"programmes-de-spa","status":"publish","type":"page","link":"https:\/\/balispa.ch\/fr\/programmes-de-spa\/","title":{"rendered":"Programmes de spa"},"content":{"rendered":"\n<h2 class=\"wp-block-heading\">D\u00e9couvrez nos programmes de spa<\/h2>\n<div class=\"latepoint-resources-items-w resources-columns-2\"><div class=\"resource-item \"><div class=\"ri-media\" style=\"background-image: url(https:\/\/balispa.ch\/wp-content\/uploads\/BaliSPA_hero_4.jpg)\"><\/div><div class=\"ri-name\"><h3>Bali Refresh<\/h3><\/div><div class=\"ri-price\">Commence \u00e0 120CHF<\/div><div class=\"ri-description\">Unsere Bali Refresh SPA-Behandlung besteht aus einem zweist\u00fcndigen Programm. Balinesische Massage und K\u00f6rperpeeling.<br>120min<\/div><div class=\"ri-buttons  wp-block-button\">\n\t\t\t\t\t\t<a href=\"#\"  class=\"latepoint-book-button os_trigger_booking  wp-block-button__link\" data-selected-service=\"5\">Jetzt Termin vereinbaren<\/a>\n\t\t\t\t\t<\/div><\/div><div class=\"resource-item \"><div class=\"ri-media\" style=\"background-image: url(https:\/\/balispa.ch\/wp-content\/uploads\/BaliSPA_hero_8.jpg)\"><\/div><div class=\"ri-name\"><h3>A Dream of Asia<\/h3><\/div><div class=\"ri-price\">Commence \u00e0 99CHF<\/div><div class=\"ri-description\">Eine therapeutische Mischung aus frei fliessenden Massagestilen mit balinesischer, thail\u00e4ndischer und Kopfmassage, die das L\u00f6sen von Muskelverspannungen, eine verbesserte Beweglichkeit und eine neue Energie f\u00f6rdern soll.<br>90min<\/div><div class=\"ri-buttons  wp-block-button\">\n\t\t\t\t\t\t<a href=\"#\"  class=\"latepoint-book-button os_trigger_booking  wp-block-button__link\" data-selected-service=\"6\">Jetzt Termin vereinbaren<\/a>\n\t\t\t\t\t<\/div><\/div><\/div>\n","protected":false},"excerpt":{"rendered":"<p>D\u00e9couvrez nos programmes de spa<\/p>\n","protected":false},"author":1,"featured_media":2092,"parent":0,"menu_order":0,"comment_status":"closed","ping_status":"open","template":"","meta":{"_acf_changed":false,"_seopress_robots_primary_cat":"","_seopress_titles_title":"","_seopress_titles_desc":"","_seopress_robots_index":"","footnotes":""},"class_list":["post-2494","page","type-page","status-publish","has-post-thumbnail","hentry"],"acf":[],"_links":{"self":[{"href":"https:\/\/balispa.ch\/fr\/wp-json\/wp\/v2\/pages\/2494","targetHints":{"allow":["GET"]}}],"collection":[{"href":"https:\/\/balispa.ch\/fr\/wp-json\/wp\/v2\/pages"}],"about":[{"href":"https:\/\/balispa.ch\/fr\/wp-json\/wp\/v2\/types\/page"}],"author":[{"embeddable":true,"href":"https:\/\/balispa.ch\/fr\/wp-json\/wp\/v2\/users\/1"}],"replies":[{"embeddable":true,"href":"https:\/\/balispa.ch\/fr\/wp-json\/wp\/v2\/comments?post=2494"}],"version-history":[{"count":2,"href":"https:\/\/balispa.ch\/fr\/wp-json\/wp\/v2\/pages\/2494\/revisions"}],"predecessor-version":[{"id":3023,"href":"https:\/\/balispa.ch\/fr\/wp-json\/wp\/v2\/pages\/2494\/revisions\/3023"}],"wp:featuredmedia":[{"embeddable":true,"href":"https:\/\/balispa.ch\/fr\/wp-json\/wp\/v2\/media\/2092"}],"wp:attachment":[{"href":"https:\/\/balispa.ch\/fr\/wp-json\/wp\/v2\/media?parent=2494"}],"curies":[{"name":"wp","href":"https:\/\/api.w.org\/{rel}","templated":true}]}}