{"id":2492,"date":"2022-12-28T07:12:07","date_gmt":"2022-12-28T06:12:07","guid":{"rendered":"https:\/\/staging.balispa.ch\/spa-programs\/"},"modified":"2024-03-14T20:02:29","modified_gmt":"2024-03-14T19:02:29","slug":"spa-programs","status":"publish","type":"page","link":"https:\/\/balispa.ch\/en\/spa-programs\/","title":{"rendered":"Spa programs"},"content":{"rendered":"\n<h2 class=\"wp-block-heading\">Discover our spa programs<\/h2>\n<div class=\"latepoint-resources-items-w resources-columns-2\"><div class=\"resource-item \"><div class=\"ri-media\" style=\"background-image: url(https:\/\/balispa.ch\/wp-content\/uploads\/BaliSPA_hero_4.jpg)\"><\/div><div class=\"ri-name\"><h3>Bali Refresh<\/h3><\/div><div class=\"ri-price\">Starts at 120CHF<\/div><div class=\"ri-description\">Unsere Bali Refresh SPA-Behandlung besteht aus einem zweist\u00fcndigen Programm. Balinesische Massage und K\u00f6rperpeeling.<br>120min<\/div><div class=\"ri-buttons  wp-block-button\">\n\t\t\t\t\t\t<a href=\"#\"  class=\"latepoint-book-button os_trigger_booking  wp-block-button__link\" data-selected-service=\"5\">Jetzt Termin vereinbaren<\/a>\n\t\t\t\t\t<\/div><\/div><div class=\"resource-item \"><div class=\"ri-media\" style=\"background-image: url(https:\/\/balispa.ch\/wp-content\/uploads\/BaliSPA_hero_8.jpg)\"><\/div><div class=\"ri-name\"><h3>A Dream of Asia<\/h3><\/div><div class=\"ri-price\">Starts at 99CHF<\/div><div class=\"ri-description\">Eine therapeutische Mischung aus frei fliessenden Massagestilen mit balinesischer, thail\u00e4ndischer und Kopfmassage, die das L\u00f6sen von Muskelverspannungen, eine verbesserte Beweglichkeit und eine neue Energie f\u00f6rdern soll.<br>90min<\/div><div class=\"ri-buttons  wp-block-button\">\n\t\t\t\t\t\t<a href=\"#\"  class=\"latepoint-book-button os_trigger_booking  wp-block-button__link\" data-selected-service=\"6\">Jetzt Termin vereinbaren<\/a>\n\t\t\t\t\t<\/div><\/div><\/div>\n","protected":false},"excerpt":{"rendered":"<p>Discover our spa programs<\/p>\n","protected":false},"author":1,"featured_media":2091,"parent":0,"menu_order":0,"comment_status":"closed","ping_status":"open","template":"","meta":{"_acf_changed":false,"_seopress_robots_primary_cat":"","_seopress_titles_title":"","_seopress_titles_desc":"","_seopress_robots_index":"","footnotes":""},"class_list":["post-2492","page","type-page","status-publish","has-post-thumbnail","hentry"],"acf":[],"_links":{"self":[{"href":"https:\/\/balispa.ch\/en\/wp-json\/wp\/v2\/pages\/2492","targetHints":{"allow":["GET"]}}],"collection":[{"href":"https:\/\/balispa.ch\/en\/wp-json\/wp\/v2\/pages"}],"about":[{"href":"https:\/\/balispa.ch\/en\/wp-json\/wp\/v2\/types\/page"}],"author":[{"embeddable":true,"href":"https:\/\/balispa.ch\/en\/wp-json\/wp\/v2\/users\/1"}],"replies":[{"embeddable":true,"href":"https:\/\/balispa.ch\/en\/wp-json\/wp\/v2\/comments?post=2492"}],"version-history":[{"count":4,"href":"https:\/\/balispa.ch\/en\/wp-json\/wp\/v2\/pages\/2492\/revisions"}],"predecessor-version":[{"id":3009,"href":"https:\/\/balispa.ch\/en\/wp-json\/wp\/v2\/pages\/2492\/revisions\/3009"}],"wp:featuredmedia":[{"embeddable":true,"href":"https:\/\/balispa.ch\/en\/wp-json\/wp\/v2\/media\/2091"}],"wp:attachment":[{"href":"https:\/\/balispa.ch\/en\/wp-json\/wp\/v2\/media?parent=2492"}],"curies":[{"name":"wp","href":"https:\/\/api.w.org\/{rel}","templated":true}]}}