{"id":2488,"date":"2022-12-28T07:10:17","date_gmt":"2022-12-28T06:10:17","guid":{"rendered":"https:\/\/staging.balispa.ch\/massages\/"},"modified":"2024-03-14T20:04:02","modified_gmt":"2024-03-14T19:04:02","slug":"massages","status":"publish","type":"page","link":"https:\/\/balispa.ch\/en\/massages\/","title":{"rendered":"Massages"},"content":{"rendered":"\n<h2 class=\"wp-block-heading\">Our massage services in Ipsach, Biel<\/h2>\n<div class=\"latepoint-resources-items-w resources-columns-2\"><div class=\"resource-item \"><div class=\"ri-media\" style=\"background-image: url(https:\/\/balispa.ch\/wp-content\/uploads\/BaliSPA_hero_4.jpg)\"><\/div><div class=\"ri-name\"><h3>Bali Massage<\/h3><\/div><div class=\"ri-price\">Starts at 75CHF<\/div><div class=\"ri-description\">Eine balinesische Massage umfasst eine Reihe von leichten Dehnungen, Akupressur, langen Streichungen, Reflexzonenmassage, Aroma\u00f6len und Kneten. \u00c4therische \u00d6le werden verwendet, um das Ged\u00e4chtnis anzuregen und gleichzeitig Muskelsch\u00e4den zu lindern. Das ist der Grund, warum du dich von der M\u00fcdigkeit, die deinen Alltag gepr\u00e4gt haben k\u00f6nnte, vollst\u00e4ndig erholen kannst.<br>\n60min, 90min, 120min<\/div><div class=\"ri-buttons  wp-block-button\">\n\t\t\t\t\t\t<a href=\"#\"  class=\"latepoint-book-button os_trigger_booking  wp-block-button__link\" data-selected-service=\"1\">Jetzt Termin vereinbaren<\/a>\n\t\t\t\t\t<\/div><\/div><div class=\"resource-item \"><div class=\"ri-media\" style=\"background-image: url(https:\/\/balispa.ch\/wp-content\/uploads\/BaliSPA_hero_5.jpg)\"><\/div><div class=\"ri-name\"><h3>Tha\u00ef Massage<\/h3><\/div><div class=\"ri-price\">Starts at 75CHF<\/div><div class=\"ri-description\">Die Thai-Massage kombiniert unterst\u00fctzte Dehnungs- und Akupressurtechniken. Der Therapeut \u00fcbt mit seinen H\u00e4nden und F\u00fc\u00dfen Druck entlang der Energielinien des K\u00f6rpers aus, um das Gleichgewicht des Energiesystems wiederherzustellen. Passive Dehnungen werden ebenfalls eingesetzt, um den K\u00f6rper zu \u00f6ffnen, die Flexibilit\u00e4t zu erh\u00f6hen und Verspannungen in den Gelenken und Muskeln zu l\u00f6sen.<br>\n60min, 90min, 120min<\/div><div class=\"ri-buttons  wp-block-button\">\n\t\t\t\t\t\t<a href=\"#\"  class=\"latepoint-book-button os_trigger_booking  wp-block-button__link\" data-selected-service=\"3\">Jetzt Termin vereinbaren<\/a>\n\t\t\t\t\t<\/div><\/div><div class=\"resource-item \"><div class=\"ri-media\" style=\"background-image: url(https:\/\/balispa.ch\/wp-content\/uploads\/BaliSPA_hero_3.jpg)\"><\/div><div class=\"ri-name\"><h3>Aromatherapie<\/h3><\/div><div class=\"ri-price\">Starts at 95CHF<\/div><div class=\"ri-description\">Aromatherapie Massage ist eine spezielle Form der Massage, bei der \u00e4therische \u00d6le verwendet werden, um den K\u00f6rper zu entspannen, die Sinne anzuregen und das allgemeine Wohlbefinden zu steigern. Die Massage zielt darauf ab, sowohl k\u00f6rperliche als auch emotionale Beschwerden zu lindern.<br>60min, 90min, 120min<\/div><div class=\"ri-buttons  wp-block-button\">\n\t\t\t\t\t\t<a href=\"#\"  class=\"latepoint-book-button os_trigger_booking  wp-block-button__link\" data-selected-service=\"4\">Jetzt Termin vereinbaren<\/a>\n\t\t\t\t\t<\/div><\/div><div class=\"resource-item \"><div class=\"ri-media\" style=\"background-image: url(https:\/\/balispa.ch\/wp-content\/uploads\/BaliSPA_hero_6.jpg)\"><\/div><div class=\"ri-name\"><h3>Hot Stone<\/h3><\/div><div class=\"ri-price\">Starts at 95CHF<\/div><div class=\"ri-description\">Die Hot-Stone-Massage ist eine alternative Form der Massage und K\u00f6rperarbeit, bei der erhitzte oder gek\u00fchlte Steine zur Schmerzlinderung, Entspannung und f\u00fcr therapeutische Zwecke verwendet werden. Die Steine k\u00f6nnen auf den K\u00f6rper gelegt oder zur Massage des Stuhls verwendet werden. Die Steine werden in der Regel in einem warmen Salzbad erhitzt und dann an strategischen Punkten des K\u00f6rpers aufgelegt, um bestimmte Beschwerden zu lindern und die Muskeln zu entspannen. Die W\u00e4rme der Steine kann helfen, Giftstoffe aus dem K\u00f6rper zu entfernen, die Durchblutung anzuregen und Schmerzen zu lindern. Die Steine k\u00f6nnen auch dazu verwendet werden, bestimmte K\u00f6rperbereiche zu massieren, was f\u00fcr zus\u00e4tzliche Tiefe und ein entspannendes Gef\u00fchl sorgt.<br>60min, 90min, 120min<\/div><div class=\"ri-buttons  wp-block-button\">\n\t\t\t\t\t\t<a href=\"#\"  class=\"latepoint-book-button os_trigger_booking  wp-block-button__link\" data-selected-service=\"2\">Jetzt Termin vereinbaren<\/a>\n\t\t\t\t\t<\/div><\/div><\/div>\n","protected":false},"excerpt":{"rendered":"<p>Our massage services in Ipsach, Biel<\/p>\n","protected":false},"author":1,"featured_media":2076,"parent":0,"menu_order":0,"comment_status":"closed","ping_status":"open","template":"","meta":{"_acf_changed":false,"_seopress_robots_primary_cat":"","_seopress_titles_title":"","_seopress_titles_desc":"","_seopress_robots_index":"","footnotes":""},"class_list":["post-2488","page","type-page","status-publish","has-post-thumbnail","hentry"],"acf":[],"_links":{"self":[{"href":"https:\/\/balispa.ch\/en\/wp-json\/wp\/v2\/pages\/2488","targetHints":{"allow":["GET"]}}],"collection":[{"href":"https:\/\/balispa.ch\/en\/wp-json\/wp\/v2\/pages"}],"about":[{"href":"https:\/\/balispa.ch\/en\/wp-json\/wp\/v2\/types\/page"}],"author":[{"embeddable":true,"href":"https:\/\/balispa.ch\/en\/wp-json\/wp\/v2\/users\/1"}],"replies":[{"embeddable":true,"href":"https:\/\/balispa.ch\/en\/wp-json\/wp\/v2\/comments?post=2488"}],"version-history":[{"count":2,"href":"https:\/\/balispa.ch\/en\/wp-json\/wp\/v2\/pages\/2488\/revisions"}],"predecessor-version":[{"id":3017,"href":"https:\/\/balispa.ch\/en\/wp-json\/wp\/v2\/pages\/2488\/revisions\/3017"}],"wp:featuredmedia":[{"embeddable":true,"href":"https:\/\/balispa.ch\/en\/wp-json\/wp\/v2\/media\/2076"}],"wp:attachment":[{"href":"https:\/\/balispa.ch\/en\/wp-json\/wp\/v2\/media?parent=2488"}],"curies":[{"name":"wp","href":"https:\/\/api.w.org\/{rel}","templated":true}]}}