{"id":2466,"date":"2022-12-28T06:55:06","date_gmt":"2022-12-28T05:55:06","guid":{"rendered":"https:\/\/staging.balispa.ch\/facial-skincare\/"},"modified":"2024-03-14T20:02:45","modified_gmt":"2024-03-14T19:02:45","slug":"facial-skincare","status":"publish","type":"page","link":"https:\/\/balispa.ch\/en\/facial-skincare\/","title":{"rendered":"Facial skincare"},"content":{"rendered":"<div class=\"latepoint-resources-items-w resources-columns-2\"><div class=\"resource-item \"><div class=\"ri-media\" style=\"background-image: url(https:\/\/balispa.ch\/wp-content\/uploads\/BaliSPA_hero_7.jpg)\"><\/div><div class=\"ri-name\"><h3>Facial skincare<\/h3><\/div><div class=\"ri-price\">Starts at 75CHF<\/div><div class=\"ri-description\">Eine Spa-Gesichtsbehandlung ist ein beliebter Hautpflegedienst, der die Reinigung, das Peeling und die Feuchtigkeitszufuhr der Haut beinhaltet. Sie umfasst auch Behandlungen, die auf die individuellen Anliegen der Haut zugeschnitten sind. Die Gesichtsbehandlungen sind eine effektive M\u00f6glichkeit, deinen Teint zu versch\u00f6nern und zu revitalisieren.Unsere Behandlung enth\u00e4lt auch einen Teil mit Massage.<br>60min<\/div><div class=\"ri-buttons  wp-block-button\">\n\t\t\t\t\t\t<a href=\"#\"  class=\"latepoint-book-button os_trigger_booking  wp-block-button__link\" data-selected-service=\"8\">Jetzt Termin vereinbaren<\/a>\n\t\t\t\t\t<\/div><\/div><\/div>\n","protected":false},"excerpt":{"rendered":"","protected":false},"author":1,"featured_media":2088,"parent":0,"menu_order":0,"comment_status":"closed","ping_status":"open","template":"","meta":{"_acf_changed":false,"_seopress_robots_primary_cat":"","_seopress_titles_title":"","_seopress_titles_desc":"","_seopress_robots_index":"","footnotes":""},"class_list":["post-2466","page","type-page","status-publish","has-post-thumbnail","hentry"],"acf":[],"_links":{"self":[{"href":"https:\/\/balispa.ch\/en\/wp-json\/wp\/v2\/pages\/2466","targetHints":{"allow":["GET"]}}],"collection":[{"href":"https:\/\/balispa.ch\/en\/wp-json\/wp\/v2\/pages"}],"about":[{"href":"https:\/\/balispa.ch\/en\/wp-json\/wp\/v2\/types\/page"}],"author":[{"embeddable":true,"href":"https:\/\/balispa.ch\/en\/wp-json\/wp\/v2\/users\/1"}],"replies":[{"embeddable":true,"href":"https:\/\/balispa.ch\/en\/wp-json\/wp\/v2\/comments?post=2466"}],"version-history":[{"count":4,"href":"https:\/\/balispa.ch\/en\/wp-json\/wp\/v2\/pages\/2466\/revisions"}],"predecessor-version":[{"id":3012,"href":"https:\/\/balispa.ch\/en\/wp-json\/wp\/v2\/pages\/2466\/revisions\/3012"}],"wp:featuredmedia":[{"embeddable":true,"href":"https:\/\/balispa.ch\/en\/wp-json\/wp\/v2\/media\/2088"}],"wp:attachment":[{"href":"https:\/\/balispa.ch\/en\/wp-json\/wp\/v2\/media?parent=2466"}],"curies":[{"name":"wp","href":"https:\/\/api.w.org\/{rel}","templated":true}]}}